{"id":915,"date":"2024-04-09T18:12:15","date_gmt":"2024-04-09T16:12:15","guid":{"rendered":"https:\/\/qinvestment.pl\/faq\/"},"modified":"2025-07-15T12:18:49","modified_gmt":"2025-07-15T10:18:49","slug":"faq-quality-investment-krakow-and-katowice-interior-design-and-interior-architect","status":"publish","type":"page","link":"https:\/\/qinvestment.pl\/en\/faq-quality-investment-krakow-and-katowice-interior-design-and-interior-architect\/","title":{"rendered":"FAQ"},"content":{"rendered":"","protected":false},"excerpt":{"rendered":"","protected":false},"author":2,"featured_media":0,"parent":0,"menu_order":0,"comment_status":"closed","ping_status":"closed","template":"templates\/flexible-content.php","meta":{"_acf_changed":false,"footnotes":""},"class_list":["post-915","page","type-page","status-publish","hentry"],"acf":[],"yoast_head":"<!-- This site is optimized with the Yoast SEO plugin v27.3 - https:\/\/yoast.com\/product\/yoast-seo-wordpress\/ -->\n<title>FAQ - Projektowanie wn\u0119trz Krak\u00f3w - Architekt wn\u0119trz - Quality Investment Krak\u00f3w<\/title>\n<meta name=\"description\" content=\"Learn the answers to the most frequently asked questions by our customers. Learn more about our offer of comprehensive interior finishes.\" \/>\n<meta name=\"robots\" content=\"index, follow, max-snippet:-1, max-image-preview:large, max-video-preview:-1\" \/>\n<link rel=\"canonical\" href=\"https:\/\/qinvestment.pl\/en\/faq-quality-investment-krakow-and-katowice-interior-design-and-interior-architect\/\" \/>\n<meta property=\"og:locale\" content=\"en_US\" \/>\n<meta property=\"og:type\" content=\"article\" \/>\n<meta property=\"og:title\" content=\"FAQ - Projektowanie wn\u0119trz Krak\u00f3w - Architekt wn\u0119trz - Quality Investment Krak\u00f3w\" \/>\n<meta property=\"og:description\" content=\"Learn the answers to the most frequently asked questions by our customers. Learn more about our offer of comprehensive interior finishes.\" \/>\n<meta property=\"og:url\" content=\"https:\/\/qinvestment.pl\/en\/faq-quality-investment-krakow-and-katowice-interior-design-and-interior-architect\/\" \/>\n<meta property=\"og:site_name\" content=\"Projektowanie wn\u0119trz Krak\u00f3w - Architekt wn\u0119trz - Quality Investment Krak\u00f3w\" \/>\n<meta property=\"article:publisher\" content=\"https:\/\/www.facebook.com\/QualityInv\/\" \/>\n<meta property=\"article:modified_time\" content=\"2025-07-15T10:18:49+00:00\" \/>\n<meta name=\"twitter:card\" content=\"summary_large_image\" \/>\n<script type=\"application\/ld+json\" class=\"yoast-schema-graph\">{\"@context\":\"https:\\\/\\\/schema.org\",\"@graph\":[{\"@type\":\"WebPage\",\"@id\":\"https:\\\/\\\/qinvestment.pl\\\/en\\\/faq-quality-investment-krakow-and-katowice-interior-design-and-interior-architect\\\/\",\"url\":\"https:\\\/\\\/qinvestment.pl\\\/en\\\/faq-quality-investment-krakow-and-katowice-interior-design-and-interior-architect\\\/\",\"name\":\"FAQ - Projektowanie wn\u0119trz Krak\u00f3w - Architekt wn\u0119trz - Quality Investment Krak\u00f3w\",\"isPartOf\":{\"@id\":\"https:\\\/\\\/qinvestment.pl\\\/en\\\/#website\"},\"datePublished\":\"2024-04-09T16:12:15+00:00\",\"dateModified\":\"2025-07-15T10:18:49+00:00\",\"description\":\"Learn the answers to the most frequently asked questions by our customers. Learn more about our offer of comprehensive interior finishes.\",\"breadcrumb\":{\"@id\":\"https:\\\/\\\/qinvestment.pl\\\/en\\\/faq-quality-investment-krakow-and-katowice-interior-design-and-interior-architect\\\/#breadcrumb\"},\"inLanguage\":\"en-US\",\"potentialAction\":[{\"@type\":\"ReadAction\",\"target\":[\"https:\\\/\\\/qinvestment.pl\\\/en\\\/faq-quality-investment-krakow-and-katowice-interior-design-and-interior-architect\\\/\"]}]},{\"@type\":\"BreadcrumbList\",\"@id\":\"https:\\\/\\\/qinvestment.pl\\\/en\\\/faq-quality-investment-krakow-and-katowice-interior-design-and-interior-architect\\\/#breadcrumb\",\"itemListElement\":[{\"@type\":\"ListItem\",\"position\":1,\"name\":\"Strona g\u0142\u00f3wna\",\"item\":\"https:\\\/\\\/qinvestment.pl\\\/en\\\/\"},{\"@type\":\"ListItem\",\"position\":2,\"name\":\"FAQ\"}]},{\"@type\":\"WebSite\",\"@id\":\"https:\\\/\\\/qinvestment.pl\\\/en\\\/#website\",\"url\":\"https:\\\/\\\/qinvestment.pl\\\/en\\\/\",\"name\":\"Projektowanie wn\u0119trz Krak\u00f3w - architekt wn\u0119trz - Quality Investment\",\"description\":\"\",\"publisher\":{\"@id\":\"https:\\\/\\\/qinvestment.pl\\\/en\\\/#organization\"},\"potentialAction\":[{\"@type\":\"SearchAction\",\"target\":{\"@type\":\"EntryPoint\",\"urlTemplate\":\"https:\\\/\\\/qinvestment.pl\\\/en\\\/?s={search_term_string}\"},\"query-input\":{\"@type\":\"PropertyValueSpecification\",\"valueRequired\":true,\"valueName\":\"search_term_string\"}}],\"inLanguage\":\"en-US\"},{\"@type\":\"Organization\",\"@id\":\"https:\\\/\\\/qinvestment.pl\\\/en\\\/#organization\",\"name\":\"Quality Investment\",\"url\":\"https:\\\/\\\/qinvestment.pl\\\/en\\\/\",\"logo\":{\"@type\":\"ImageObject\",\"inLanguage\":\"en-US\",\"@id\":\"https:\\\/\\\/qinvestment.pl\\\/en\\\/#\\\/schema\\\/logo\\\/image\\\/\",\"url\":\"https:\\\/\\\/qinvestment.pl\\\/wp-content\\\/uploads\\\/2024\\\/04\\\/secondary-logo.svg\",\"contentUrl\":\"https:\\\/\\\/qinvestment.pl\\\/wp-content\\\/uploads\\\/2024\\\/04\\\/secondary-logo.svg\",\"width\":1,\"height\":1,\"caption\":\"Quality Investment\"},\"image\":{\"@id\":\"https:\\\/\\\/qinvestment.pl\\\/en\\\/#\\\/schema\\\/logo\\\/image\\\/\"},\"sameAs\":[\"https:\\\/\\\/www.facebook.com\\\/QualityInv\\\/\",\"https:\\\/\\\/www.instagram.com\\\/qinvestment_projekty\\\/\",\"https:\\\/\\\/www.linkedin.com\\\/company\\\/qualityinvestment\\\/\",\"https:\\\/\\\/pl.pinterest.com\\\/qualityinvestmentprojekty\\\/\",\"https:\\\/\\\/www.youtube.com\\\/@qualityinvestment2469\"]}]}<\/script>\n<!-- \/ Yoast SEO plugin. -->","yoast_head_json":{"title":"FAQ - Projektowanie wn\u0119trz Krak\u00f3w - Architekt wn\u0119trz - Quality Investment Krak\u00f3w","description":"Learn the answers to the most frequently asked questions by our customers. Learn more about our offer of comprehensive interior finishes.","robots":{"index":"index","follow":"follow","max-snippet":"max-snippet:-1","max-image-preview":"max-image-preview:large","max-video-preview":"max-video-preview:-1"},"canonical":"https:\/\/qinvestment.pl\/en\/faq-quality-investment-krakow-and-katowice-interior-design-and-interior-architect\/","og_locale":"en_US","og_type":"article","og_title":"FAQ - Projektowanie wn\u0119trz Krak\u00f3w - Architekt wn\u0119trz - Quality Investment Krak\u00f3w","og_description":"Learn the answers to the most frequently asked questions by our customers. Learn more about our offer of comprehensive interior finishes.","og_url":"https:\/\/qinvestment.pl\/en\/faq-quality-investment-krakow-and-katowice-interior-design-and-interior-architect\/","og_site_name":"Projektowanie wn\u0119trz Krak\u00f3w - Architekt wn\u0119trz - Quality Investment Krak\u00f3w","article_publisher":"https:\/\/www.facebook.com\/QualityInv\/","article_modified_time":"2025-07-15T10:18:49+00:00","twitter_card":"summary_large_image","schema":{"@context":"https:\/\/schema.org","@graph":[{"@type":"WebPage","@id":"https:\/\/qinvestment.pl\/en\/faq-quality-investment-krakow-and-katowice-interior-design-and-interior-architect\/","url":"https:\/\/qinvestment.pl\/en\/faq-quality-investment-krakow-and-katowice-interior-design-and-interior-architect\/","name":"FAQ - Projektowanie wn\u0119trz Krak\u00f3w - Architekt wn\u0119trz - Quality Investment Krak\u00f3w","isPartOf":{"@id":"https:\/\/qinvestment.pl\/en\/#website"},"datePublished":"2024-04-09T16:12:15+00:00","dateModified":"2025-07-15T10:18:49+00:00","description":"Learn the answers to the most frequently asked questions by our customers. Learn more about our offer of comprehensive interior finishes.","breadcrumb":{"@id":"https:\/\/qinvestment.pl\/en\/faq-quality-investment-krakow-and-katowice-interior-design-and-interior-architect\/#breadcrumb"},"inLanguage":"en-US","potentialAction":[{"@type":"ReadAction","target":["https:\/\/qinvestment.pl\/en\/faq-quality-investment-krakow-and-katowice-interior-design-and-interior-architect\/"]}]},{"@type":"BreadcrumbList","@id":"https:\/\/qinvestment.pl\/en\/faq-quality-investment-krakow-and-katowice-interior-design-and-interior-architect\/#breadcrumb","itemListElement":[{"@type":"ListItem","position":1,"name":"Strona g\u0142\u00f3wna","item":"https:\/\/qinvestment.pl\/en\/"},{"@type":"ListItem","position":2,"name":"FAQ"}]},{"@type":"WebSite","@id":"https:\/\/qinvestment.pl\/en\/#website","url":"https:\/\/qinvestment.pl\/en\/","name":"Projektowanie wn\u0119trz Krak\u00f3w - architekt wn\u0119trz - Quality Investment","description":"","publisher":{"@id":"https:\/\/qinvestment.pl\/en\/#organization"},"potentialAction":[{"@type":"SearchAction","target":{"@type":"EntryPoint","urlTemplate":"https:\/\/qinvestment.pl\/en\/?s={search_term_string}"},"query-input":{"@type":"PropertyValueSpecification","valueRequired":true,"valueName":"search_term_string"}}],"inLanguage":"en-US"},{"@type":"Organization","@id":"https:\/\/qinvestment.pl\/en\/#organization","name":"Quality Investment","url":"https:\/\/qinvestment.pl\/en\/","logo":{"@type":"ImageObject","inLanguage":"en-US","@id":"https:\/\/qinvestment.pl\/en\/#\/schema\/logo\/image\/","url":"https:\/\/qinvestment.pl\/wp-content\/uploads\/2024\/04\/secondary-logo.svg","contentUrl":"https:\/\/qinvestment.pl\/wp-content\/uploads\/2024\/04\/secondary-logo.svg","width":1,"height":1,"caption":"Quality Investment"},"image":{"@id":"https:\/\/qinvestment.pl\/en\/#\/schema\/logo\/image\/"},"sameAs":["https:\/\/www.facebook.com\/QualityInv\/","https:\/\/www.instagram.com\/qinvestment_projekty\/","https:\/\/www.linkedin.com\/company\/qualityinvestment\/","https:\/\/pl.pinterest.com\/qualityinvestmentprojekty\/","https:\/\/www.youtube.com\/@qualityinvestment2469"]}]}},"_links":{"self":[{"href":"https:\/\/qinvestment.pl\/en\/wp-json\/wp\/v2\/pages\/915","targetHints":{"allow":["GET"]}}],"collection":[{"href":"https:\/\/qinvestment.pl\/en\/wp-json\/wp\/v2\/pages"}],"about":[{"href":"https:\/\/qinvestment.pl\/en\/wp-json\/wp\/v2\/types\/page"}],"author":[{"embeddable":true,"href":"https:\/\/qinvestment.pl\/en\/wp-json\/wp\/v2\/users\/2"}],"replies":[{"embeddable":true,"href":"https:\/\/qinvestment.pl\/en\/wp-json\/wp\/v2\/comments?post=915"}],"version-history":[{"count":8,"href":"https:\/\/qinvestment.pl\/en\/wp-json\/wp\/v2\/pages\/915\/revisions"}],"predecessor-version":[{"id":15929,"href":"https:\/\/qinvestment.pl\/en\/wp-json\/wp\/v2\/pages\/915\/revisions\/15929"}],"wp:attachment":[{"href":"https:\/\/qinvestment.pl\/en\/wp-json\/wp\/v2\/media?parent=915"}],"curies":[{"name":"wp","href":"https:\/\/api.w.org\/{rel}","templated":true}]}}