{"id":898,"date":"2024-04-09T18:11:49","date_gmt":"2024-04-09T16:11:49","guid":{"rendered":"https:\/\/qinvestment.pl\/zespol\/"},"modified":"2025-08-19T18:43:54","modified_gmt":"2025-08-19T16:43:54","slug":"k%d0%be%d0%bc%d0%b0%d0%bd%d0%b4%d0%b0","status":"publish","type":"page","link":"https:\/\/qinvestment.pl\/uk\/k%d0%be%d0%bc%d0%b0%d0%bd%d0%b4%d0%b0\/","title":{"rendered":"\u041a\u043e\u043c\u0430\u043d\u0434\u0430"},"content":{"rendered":"","protected":false},"excerpt":{"rendered":"","protected":false},"author":2,"featured_media":0,"parent":0,"menu_order":0,"comment_status":"closed","ping_status":"closed","template":"templates\/flexible-content.php","meta":{"_acf_changed":false,"footnotes":""},"class_list":["post-898","page","type-page","status-publish","hentry"],"acf":[],"yoast_head":"<!-- This site is optimized with the Yoast SEO plugin v27.3 - https:\/\/yoast.com\/product\/yoast-seo-wordpress\/ -->\n<title>\u041a\u043e\u043c\u0430\u043d\u0434\u0430 - Projektowanie wn\u0119trz Krak\u00f3w - Architekt wn\u0119trz - Quality Investment Krak\u00f3w<\/title>\n<meta name=\"robots\" content=\"index, follow, max-snippet:-1, max-image-preview:large, max-video-preview:-1\" \/>\n<link rel=\"canonical\" href=\"https:\/\/qinvestment.pl\/uk\/k%d0%be%d0%bc%d0%b0%d0%bd%d0%b4%d0%b0\/\" \/>\n<meta property=\"og:locale\" content=\"uk_UA\" \/>\n<meta property=\"og:type\" content=\"article\" \/>\n<meta property=\"og:title\" content=\"\u041a\u043e\u043c\u0430\u043d\u0434\u0430 - Projektowanie wn\u0119trz Krak\u00f3w - Architekt wn\u0119trz - Quality Investment Krak\u00f3w\" \/>\n<meta property=\"og:url\" content=\"https:\/\/qinvestment.pl\/uk\/k%d0%be%d0%bc%d0%b0%d0%bd%d0%b4%d0%b0\/\" \/>\n<meta property=\"og:site_name\" content=\"Projektowanie wn\u0119trz Krak\u00f3w - Architekt wn\u0119trz - Quality Investment Krak\u00f3w\" \/>\n<meta property=\"article:publisher\" content=\"https:\/\/www.facebook.com\/QualityInv\/\" \/>\n<meta property=\"article:modified_time\" content=\"2025-08-19T16:43:54+00:00\" \/>\n<meta name=\"twitter:card\" content=\"summary_large_image\" \/>\n<script type=\"application\/ld+json\" class=\"yoast-schema-graph\">{\"@context\":\"https:\\\/\\\/schema.org\",\"@graph\":[{\"@type\":\"WebPage\",\"@id\":\"https:\\\/\\\/qinvestment.pl\\\/uk\\\/k%d0%be%d0%bc%d0%b0%d0%bd%d0%b4%d0%b0\\\/\",\"url\":\"https:\\\/\\\/qinvestment.pl\\\/uk\\\/k%d0%be%d0%bc%d0%b0%d0%bd%d0%b4%d0%b0\\\/\",\"name\":\"\u041a\u043e\u043c\u0430\u043d\u0434\u0430 - Projektowanie wn\u0119trz Krak\u00f3w - Architekt wn\u0119trz - Quality Investment Krak\u00f3w\",\"isPartOf\":{\"@id\":\"https:\\\/\\\/qinvestment.pl\\\/uk\\\/#website\"},\"datePublished\":\"2024-04-09T16:11:49+00:00\",\"dateModified\":\"2025-08-19T16:43:54+00:00\",\"breadcrumb\":{\"@id\":\"https:\\\/\\\/qinvestment.pl\\\/uk\\\/k%d0%be%d0%bc%d0%b0%d0%bd%d0%b4%d0%b0\\\/#breadcrumb\"},\"inLanguage\":\"uk\",\"potentialAction\":[{\"@type\":\"ReadAction\",\"target\":[\"https:\\\/\\\/qinvestment.pl\\\/uk\\\/k%d0%be%d0%bc%d0%b0%d0%bd%d0%b4%d0%b0\\\/\"]}]},{\"@type\":\"BreadcrumbList\",\"@id\":\"https:\\\/\\\/qinvestment.pl\\\/uk\\\/k%d0%be%d0%bc%d0%b0%d0%bd%d0%b4%d0%b0\\\/#breadcrumb\",\"itemListElement\":[{\"@type\":\"ListItem\",\"position\":1,\"name\":\"Strona g\u0142\u00f3wna\",\"item\":\"https:\\\/\\\/qinvestment.pl\\\/uk\\\/\"},{\"@type\":\"ListItem\",\"position\":2,\"name\":\"\u041a\u043e\u043c\u0430\u043d\u0434\u0430\"}]},{\"@type\":\"WebSite\",\"@id\":\"https:\\\/\\\/qinvestment.pl\\\/uk\\\/#website\",\"url\":\"https:\\\/\\\/qinvestment.pl\\\/uk\\\/\",\"name\":\"Projektowanie wn\u0119trz Krak\u00f3w - architekt wn\u0119trz - Quality Investment\",\"description\":\"\",\"publisher\":{\"@id\":\"https:\\\/\\\/qinvestment.pl\\\/uk\\\/#organization\"},\"potentialAction\":[{\"@type\":\"SearchAction\",\"target\":{\"@type\":\"EntryPoint\",\"urlTemplate\":\"https:\\\/\\\/qinvestment.pl\\\/uk\\\/?s={search_term_string}\"},\"query-input\":{\"@type\":\"PropertyValueSpecification\",\"valueRequired\":true,\"valueName\":\"search_term_string\"}}],\"inLanguage\":\"uk\"},{\"@type\":\"Organization\",\"@id\":\"https:\\\/\\\/qinvestment.pl\\\/uk\\\/#organization\",\"name\":\"Quality Investment\",\"url\":\"https:\\\/\\\/qinvestment.pl\\\/uk\\\/\",\"logo\":{\"@type\":\"ImageObject\",\"inLanguage\":\"uk\",\"@id\":\"https:\\\/\\\/qinvestment.pl\\\/uk\\\/#\\\/schema\\\/logo\\\/image\\\/\",\"url\":\"https:\\\/\\\/qinvestment.pl\\\/wp-content\\\/uploads\\\/2024\\\/04\\\/secondary-logo.svg\",\"contentUrl\":\"https:\\\/\\\/qinvestment.pl\\\/wp-content\\\/uploads\\\/2024\\\/04\\\/secondary-logo.svg\",\"width\":1,\"height\":1,\"caption\":\"Quality Investment\"},\"image\":{\"@id\":\"https:\\\/\\\/qinvestment.pl\\\/uk\\\/#\\\/schema\\\/logo\\\/image\\\/\"},\"sameAs\":[\"https:\\\/\\\/www.facebook.com\\\/QualityInv\\\/\",\"https:\\\/\\\/www.instagram.com\\\/qinvestment_projekty\\\/\",\"https:\\\/\\\/www.linkedin.com\\\/company\\\/qualityinvestment\\\/\",\"https:\\\/\\\/pl.pinterest.com\\\/qualityinvestmentprojekty\\\/\",\"https:\\\/\\\/www.youtube.com\\\/@qualityinvestment2469\"]}]}<\/script>\n<!-- \/ Yoast SEO plugin. -->","yoast_head_json":{"title":"\u041a\u043e\u043c\u0430\u043d\u0434\u0430 - Projektowanie wn\u0119trz Krak\u00f3w - Architekt wn\u0119trz - Quality Investment Krak\u00f3w","robots":{"index":"index","follow":"follow","max-snippet":"max-snippet:-1","max-image-preview":"max-image-preview:large","max-video-preview":"max-video-preview:-1"},"canonical":"https:\/\/qinvestment.pl\/uk\/k%d0%be%d0%bc%d0%b0%d0%bd%d0%b4%d0%b0\/","og_locale":"uk_UA","og_type":"article","og_title":"\u041a\u043e\u043c\u0430\u043d\u0434\u0430 - Projektowanie wn\u0119trz Krak\u00f3w - Architekt wn\u0119trz - Quality Investment Krak\u00f3w","og_url":"https:\/\/qinvestment.pl\/uk\/k%d0%be%d0%bc%d0%b0%d0%bd%d0%b4%d0%b0\/","og_site_name":"Projektowanie wn\u0119trz Krak\u00f3w - Architekt wn\u0119trz - Quality Investment Krak\u00f3w","article_publisher":"https:\/\/www.facebook.com\/QualityInv\/","article_modified_time":"2025-08-19T16:43:54+00:00","twitter_card":"summary_large_image","schema":{"@context":"https:\/\/schema.org","@graph":[{"@type":"WebPage","@id":"https:\/\/qinvestment.pl\/uk\/k%d0%be%d0%bc%d0%b0%d0%bd%d0%b4%d0%b0\/","url":"https:\/\/qinvestment.pl\/uk\/k%d0%be%d0%bc%d0%b0%d0%bd%d0%b4%d0%b0\/","name":"\u041a\u043e\u043c\u0430\u043d\u0434\u0430 - Projektowanie wn\u0119trz Krak\u00f3w - Architekt wn\u0119trz - Quality Investment Krak\u00f3w","isPartOf":{"@id":"https:\/\/qinvestment.pl\/uk\/#website"},"datePublished":"2024-04-09T16:11:49+00:00","dateModified":"2025-08-19T16:43:54+00:00","breadcrumb":{"@id":"https:\/\/qinvestment.pl\/uk\/k%d0%be%d0%bc%d0%b0%d0%bd%d0%b4%d0%b0\/#breadcrumb"},"inLanguage":"uk","potentialAction":[{"@type":"ReadAction","target":["https:\/\/qinvestment.pl\/uk\/k%d0%be%d0%bc%d0%b0%d0%bd%d0%b4%d0%b0\/"]}]},{"@type":"BreadcrumbList","@id":"https:\/\/qinvestment.pl\/uk\/k%d0%be%d0%bc%d0%b0%d0%bd%d0%b4%d0%b0\/#breadcrumb","itemListElement":[{"@type":"ListItem","position":1,"name":"Strona g\u0142\u00f3wna","item":"https:\/\/qinvestment.pl\/uk\/"},{"@type":"ListItem","position":2,"name":"\u041a\u043e\u043c\u0430\u043d\u0434\u0430"}]},{"@type":"WebSite","@id":"https:\/\/qinvestment.pl\/uk\/#website","url":"https:\/\/qinvestment.pl\/uk\/","name":"Projektowanie wn\u0119trz Krak\u00f3w - architekt wn\u0119trz - Quality Investment","description":"","publisher":{"@id":"https:\/\/qinvestment.pl\/uk\/#organization"},"potentialAction":[{"@type":"SearchAction","target":{"@type":"EntryPoint","urlTemplate":"https:\/\/qinvestment.pl\/uk\/?s={search_term_string}"},"query-input":{"@type":"PropertyValueSpecification","valueRequired":true,"valueName":"search_term_string"}}],"inLanguage":"uk"},{"@type":"Organization","@id":"https:\/\/qinvestment.pl\/uk\/#organization","name":"Quality Investment","url":"https:\/\/qinvestment.pl\/uk\/","logo":{"@type":"ImageObject","inLanguage":"uk","@id":"https:\/\/qinvestment.pl\/uk\/#\/schema\/logo\/image\/","url":"https:\/\/qinvestment.pl\/wp-content\/uploads\/2024\/04\/secondary-logo.svg","contentUrl":"https:\/\/qinvestment.pl\/wp-content\/uploads\/2024\/04\/secondary-logo.svg","width":1,"height":1,"caption":"Quality Investment"},"image":{"@id":"https:\/\/qinvestment.pl\/uk\/#\/schema\/logo\/image\/"},"sameAs":["https:\/\/www.facebook.com\/QualityInv\/","https:\/\/www.instagram.com\/qinvestment_projekty\/","https:\/\/www.linkedin.com\/company\/qualityinvestment\/","https:\/\/pl.pinterest.com\/qualityinvestmentprojekty\/","https:\/\/www.youtube.com\/@qualityinvestment2469"]}]}},"_links":{"self":[{"href":"https:\/\/qinvestment.pl\/uk\/wp-json\/wp\/v2\/pages\/898","targetHints":{"allow":["GET"]}}],"collection":[{"href":"https:\/\/qinvestment.pl\/uk\/wp-json\/wp\/v2\/pages"}],"about":[{"href":"https:\/\/qinvestment.pl\/uk\/wp-json\/wp\/v2\/types\/page"}],"author":[{"embeddable":true,"href":"https:\/\/qinvestment.pl\/uk\/wp-json\/wp\/v2\/users\/2"}],"replies":[{"embeddable":true,"href":"https:\/\/qinvestment.pl\/uk\/wp-json\/wp\/v2\/comments?post=898"}],"version-history":[{"count":10,"href":"https:\/\/qinvestment.pl\/uk\/wp-json\/wp\/v2\/pages\/898\/revisions"}],"predecessor-version":[{"id":16444,"href":"https:\/\/qinvestment.pl\/uk\/wp-json\/wp\/v2\/pages\/898\/revisions\/16444"}],"wp:attachment":[{"href":"https:\/\/qinvestment.pl\/uk\/wp-json\/wp\/v2\/media?parent=898"}],"curies":[{"name":"wp","href":"https:\/\/api.w.org\/{rel}","templated":true}]}}